{"id":28892,"date":"2024-01-02T11:45:43","date_gmt":"2024-01-02T10:45:43","guid":{"rendered":"https:\/\/transfertcharleroiaeroport.be\/mentions-legales\/"},"modified":"2025-03-26T15:23:18","modified_gmt":"2025-03-26T14:23:18","slug":"legal-notices","status":"publish","type":"page","link":"https:\/\/transfertcharleroiaeroport.be\/en\/mentions-legales\/","title":{"rendered":"Mentions L\u00e9gales"},"content":{"rendered":"<div data-elementor-type=\"wp-page\" data-elementor-id=\"28892\" class=\"elementor elementor-28892\" data-elementor-post-type=\"page\">\n\t\t\t\t\t\t<section class=\"elementor-section elementor-top-section elementor-element elementor-element-39aa4d elementor-section-boxed elementor-section-height-default elementor-section-height-default\" data-id=\"39aa4d\" data-element_type=\"section\" data-e-type=\"section\">\n\t\t\t\t\t\t<div class=\"elementor-container elementor-column-gap-default\">\n\t\t\t\t\t<div class=\"elementor-column elementor-col-100 elementor-top-column elementor-element elementor-element-7a1a7053\" data-id=\"7a1a7053\" data-element_type=\"column\" data-e-type=\"column\">\n\t\t\t<div class=\"elementor-widget-wrap elementor-element-populated\">\n\t\t\t\t\t\t<div class=\"elementor-element elementor-element-79b27f5a elementor-widget elementor-widget-heading\" data-id=\"79b27f5a\" data-element_type=\"widget\" data-e-type=\"widget\" data-widget_type=\"heading.default\">\n\t\t\t\t<div class=\"elementor-widget-container\">\n\t\t\t\t\t<h1 class=\"elementor-heading-title elementor-size-default\">Legal notice<\/h1>\t\t\t\t<\/div>\n\t\t\t\t<\/div>\n\t\t\t\t<div class=\"elementor-element elementor-element-4fd48da3 elementor-widget elementor-widget-text-editor\" data-id=\"4fd48da3\" data-element_type=\"widget\" data-e-type=\"widget\" data-widget_type=\"text-editor.default\">\n\t\t\t\t<div class=\"elementor-widget-container\">\n\t\t\t\t\t\t\t\t\t<p><b>The website transfertcharleroiaeroport.be is published by:<\/b><\/p>\n<p>WebAudit France<br \/>6 avenue Jean Jaur\u00e8s, 73000 Chamb\u00e9ry<br \/>Limited liability company with a capital of \u20ac600<br \/>RCS Chamb\u00e9ry 823 628 698<br \/>contact(@)webaudit.fr<\/p>\n<p><b>The website transfertcharleroiaeroport.be is published for: <\/b><\/p>\n<p>Company name: KOMI ADAKPO<br \/>Trade name: Allo Transfert Charleroi &amp; Airport <br \/>Address: Rue Du Ch\u00eanois 110, 6042 Charleroi <br \/>VAT number: BE0697664778 <br \/>Publishing Director: KOMI ADAKPO <br \/>Telephone: +32484784047<\/p>\n<p>The website for your partner specializing in transfers to Charleroi and its airport was created by the team of\u00a0<a href=\"https:\/\/webaudit.fr\/vtc\" target=\"_blank\" rel=\"noopener\">Webaudit, specialists in website creation for private drivers<\/a>\u00a0with natural referencing.<\/p>\n<p>Find out more on\u00a0<a href=\"https:\/\/annuaire-vtc-france.fr\/\">annuaire-vtc-france.fr<\/a>\u00a0all of\u00a0<a href=\"https:\/\/annuaire-vtc-france.fr\/vtc-belgique\/\">Transfer services in Brussels and Charleroi.<\/a><\/p>\n<p><b>Hosting provider:<\/b><\/p>\n<p>Infomaniak Network SA<br \/>25 Rue Eug\u00e8ne Marziano<br \/>1227 Les Acacias (GE)<br \/>Geneva Canton Commercial Register: CH-660.0.059.996-1<br \/>IDE number: CHE-103.167.648<br \/>VAT number: CHE-103.167.648<\/p>\n<p><b>GDPR Regulations, Data Protection and Use of Cookies:<\/b><\/p>\n<p>In accordance with the requirements of the General Data Protection Regulation (GDPR), we are committed to transparency and the protection of your personal data. For a clear understanding of how we collect, use, and protect your data, as well as our use of cookies to improve your experience on our website, please consult our <a href=\"#gdpr_cookie_modal\">GDPR and Cookies Information Center<\/a>.<\/p>\n<p style=\"text-align: justify;\">By clicking on this link, you will have access to our Privacy Statement and our Cookie Policy detailing our data protection and cookie usage practices, as well as your rights and choices regarding this information.<\/p>\n<p><b>Intellectual property<\/b><\/p>\n<p>All content on this site including, but not limited to, graphics, images, texts, videos, animations, sounds, logos, gifs and icons as well as their formatting are the exclusive property of WEBAUDIT FRANCE SARL with the exception of trademarks, logos or content belonging to other partner companies or authors.<br \/>Any reproduction, distribution, modification, adaptation, retransmission, or publication, even partial, of these elements is strictly prohibited without the express written consent of WEBAUDIT FRANCE SARL. Such representation or reproduction, by any means whatsoever, constitutes copyright infringement punishable under Articles L.335-2 et seq. of the French Intellectual Property Code. Failure to comply with this prohibition constitutes copyright infringement and may result in civil and criminal penalties. Furthermore, the owners of the copied content may take legal action against them.<\/p>\n<p><!-- \/wp:paragraph --><\/p>\t\t\t\t\t\t\t\t<\/div>\n\t\t\t\t<\/div>\n\t\t\t\t\t<\/div>\n\t\t<\/div>\n\t\t\t\t\t<\/div>\n\t\t<\/section>\n\t\t\t\t<\/div>","protected":false},"excerpt":{"rendered":"<p>Mentions l\u00e9gales Le site transfertcharleroiaeroport.be est \u00e9dit\u00e9 par : WebAudit France6 avenue Jean Jaur\u00e8s, 73000 Chamb\u00e9rySARL au capital de 600\u20acRCS Chamb\u00e9ry 823 628 698contact(@)webaudit.fr Le site transfertcharleroiaeroport.be est \u00e9dit\u00e9 pour : Raison sociale\u202f: KOMI ADAKPONom commercial\u202f: Allo Transfert Charleroi &amp; A\u00e9roport Adresse\u202f: Rue Du Ch\u00eanois 110,\u202f6042 Charleroi Num\u00e9ro de TVA\u202f: BE0697664778 Directeur de publication\u202f: KOMI [&hellip;]<\/p>\n","protected":false},"author":1,"featured_media":0,"parent":0,"menu_order":0,"comment_status":"closed","ping_status":"closed","template":"elementor_header_footer","meta":{"footnotes":""},"class_list":["post-28892","page","type-page","status-publish","hentry"],"yoast_head":"<!-- This site is optimized with the Yoast SEO plugin v27.2 - https:\/\/yoast.com\/product\/yoast-seo-wordpress\/ -->\n<title>Mentions L\u00e9gales - Allo Transfert Charleroi &amp; A\u00e9roport<\/title>\n<meta name=\"robots\" content=\"index, follow, max-snippet:-1, max-image-preview:large, max-video-preview:-1\" \/>\n<link rel=\"canonical\" href=\"https:\/\/transfertcharleroiaeroport.be\/en\/legal-notices\/\" \/>\n<meta property=\"og:locale\" content=\"en_GB\" \/>\n<meta property=\"og:type\" content=\"article\" \/>\n<meta property=\"og:title\" content=\"Mentions L\u00e9gales - Allo Transfert Charleroi &amp; A\u00e9roport\" \/>\n<meta property=\"og:description\" content=\"Mentions l\u00e9gales Le site transfertcharleroiaeroport.be est \u00e9dit\u00e9 par : WebAudit France6 avenue Jean Jaur\u00e8s, 73000 Chamb\u00e9rySARL au capital de 600\u20acRCS Chamb\u00e9ry 823 628 698contact(@)webaudit.fr Le site transfertcharleroiaeroport.be est \u00e9dit\u00e9 pour : Raison sociale\u202f: KOMI ADAKPONom commercial\u202f: Allo Transfert Charleroi &amp; A\u00e9roport Adresse\u202f: Rue Du Ch\u00eanois 110,\u202f6042 Charleroi Num\u00e9ro de TVA\u202f: BE0697664778 Directeur de publication\u202f: KOMI [&hellip;]\" \/>\n<meta property=\"og:url\" content=\"https:\/\/transfertcharleroiaeroport.be\/en\/legal-notices\/\" \/>\n<meta property=\"og:site_name\" content=\"Allo Transfert Charleroi &amp; A\u00e9roport\" \/>\n<meta property=\"article:modified_time\" content=\"2025-03-26T14:23:18+00:00\" \/>\n<meta name=\"twitter:card\" content=\"summary_large_image\" \/>\n<meta name=\"twitter:label1\" content=\"Estimated reading time\" \/>\n\t<meta name=\"twitter:data1\" content=\"2 minutes\" \/>\n<script type=\"application\/ld+json\" class=\"yoast-schema-graph\">{\"@context\":\"https:\/\/schema.org\",\"@graph\":[{\"@type\":\"WebPage\",\"@id\":\"https:\/\/transfertcharleroiaeroport.be\/mentions-legales\/\",\"url\":\"https:\/\/transfertcharleroiaeroport.be\/mentions-legales\/\",\"name\":\"Mentions L\u00e9gales - Allo Transfert Charleroi &amp; A\u00e9roport\",\"isPartOf\":{\"@id\":\"https:\/\/transfertcharleroiaeroport.be\/#website\"},\"datePublished\":\"2024-01-02T10:45:43+00:00\",\"dateModified\":\"2025-03-26T14:23:18+00:00\",\"inLanguage\":\"en-GB\",\"potentialAction\":[{\"@type\":\"ReadAction\",\"target\":[\"https:\/\/transfertcharleroiaeroport.be\/mentions-legales\/\"]}]},{\"@type\":\"WebSite\",\"@id\":\"https:\/\/transfertcharleroiaeroport.be\/#website\",\"url\":\"https:\/\/transfertcharleroiaeroport.be\/\",\"name\":\"Allo Transfert Charleroi & A\u00e9roport\",\"description\":\"R\u00e9server Transfert \u00e0 l&#039;A\u00e9roport de Charleroi - Service de navettes toutes distances, a\u00e9roports, gares, h\u00f4tels, ports et plages et tout autre d\u00e9placement\",\"publisher\":{\"@id\":\"https:\/\/transfertcharleroiaeroport.be\/#organization\"},\"potentialAction\":[{\"@type\":\"SearchAction\",\"target\":{\"@type\":\"EntryPoint\",\"urlTemplate\":\"https:\/\/transfertcharleroiaeroport.be\/?s={search_term_string}\"},\"query-input\":{\"@type\":\"PropertyValueSpecification\",\"valueRequired\":true,\"valueName\":\"search_term_string\"}}],\"inLanguage\":\"en-GB\"},{\"@type\":\"Organization\",\"@id\":\"https:\/\/transfertcharleroiaeroport.be\/#organization\",\"name\":\"Allo Transfert Charleroi & A\u00e9roport\",\"url\":\"https:\/\/transfertcharleroiaeroport.be\/\",\"logo\":{\"@type\":\"ImageObject\",\"inLanguage\":\"en-GB\",\"@id\":\"https:\/\/transfertcharleroiaeroport.be\/#\/schema\/logo\/image\/\",\"url\":\"https:\/\/transfertcharleroiaeroport.be\/wp-content\/uploads\/2025\/03\/logo-allo-transfert-charleroi-et-aeroport.webp\",\"contentUrl\":\"https:\/\/transfertcharleroiaeroport.be\/wp-content\/uploads\/2025\/03\/logo-allo-transfert-charleroi-et-aeroport.webp\",\"width\":579,\"height\":75,\"caption\":\"Allo Transfert Charleroi & A\u00e9roport\"},\"image\":{\"@id\":\"https:\/\/transfertcharleroiaeroport.be\/#\/schema\/logo\/image\/\"}}]}<\/script>\n<!-- \/ Yoast SEO plugin. -->","yoast_head_json":{"title":"Legal Notice - Allo Transfert Charleroi &amp; Airport","robots":{"index":"index","follow":"follow","max-snippet":"max-snippet:-1","max-image-preview":"max-image-preview:large","max-video-preview":"max-video-preview:-1"},"canonical":"https:\/\/transfertcharleroiaeroport.be\/en\/legal-notices\/","og_locale":"en_GB","og_type":"article","og_title":"Mentions L\u00e9gales - Allo Transfert Charleroi &amp; A\u00e9roport","og_description":"Mentions l\u00e9gales Le site transfertcharleroiaeroport.be est \u00e9dit\u00e9 par : WebAudit France6 avenue Jean Jaur\u00e8s, 73000 Chamb\u00e9rySARL au capital de 600\u20acRCS Chamb\u00e9ry 823 628 698contact(@)webaudit.fr Le site transfertcharleroiaeroport.be est \u00e9dit\u00e9 pour : Raison sociale\u202f: KOMI ADAKPONom commercial\u202f: Allo Transfert Charleroi &amp; A\u00e9roport Adresse\u202f: Rue Du Ch\u00eanois 110,\u202f6042 Charleroi Num\u00e9ro de TVA\u202f: BE0697664778 Directeur de publication\u202f: KOMI [&hellip;]","og_url":"https:\/\/transfertcharleroiaeroport.be\/en\/legal-notices\/","og_site_name":"Allo Transfert Charleroi &amp; A\u00e9roport","article_modified_time":"2025-03-26T14:23:18+00:00","twitter_card":"summary_large_image","twitter_misc":{"Estimated reading time":"2 minutes"},"schema":{"@context":"https:\/\/schema.org","@graph":[{"@type":"WebPage","@id":"https:\/\/transfertcharleroiaeroport.be\/mentions-legales\/","url":"https:\/\/transfertcharleroiaeroport.be\/mentions-legales\/","name":"Legal Notice - Allo Transfert Charleroi &amp; Airport","isPartOf":{"@id":"https:\/\/transfertcharleroiaeroport.be\/#website"},"datePublished":"2024-01-02T10:45:43+00:00","dateModified":"2025-03-26T14:23:18+00:00","inLanguage":"en-GB","potentialAction":[{"@type":"ReadAction","target":["https:\/\/transfertcharleroiaeroport.be\/mentions-legales\/"]}]},{"@type":"WebSite","@id":"https:\/\/transfertcharleroiaeroport.be\/#website","url":"https:\/\/transfertcharleroiaeroport.be\/","name":"Allo Transfert Charleroi &amp; Airport","description":"Book your transfer to Charleroi Airport - Shuttle service for all distances, airports, train stations, hotels, ports and beaches, and all other journeys","publisher":{"@id":"https:\/\/transfertcharleroiaeroport.be\/#organization"},"potentialAction":[{"@type":"SearchAction","target":{"@type":"EntryPoint","urlTemplate":"https:\/\/transfertcharleroiaeroport.be\/?s={search_term_string}"},"query-input":{"@type":"PropertyValueSpecification","valueRequired":true,"valueName":"search_term_string"}}],"inLanguage":"en-GB"},{"@type":"Organization","@id":"https:\/\/transfertcharleroiaeroport.be\/#organization","name":"Allo Transfert Charleroi &amp; Airport","url":"https:\/\/transfertcharleroiaeroport.be\/","logo":{"@type":"ImageObject","inLanguage":"en-GB","@id":"https:\/\/transfertcharleroiaeroport.be\/#\/schema\/logo\/image\/","url":"https:\/\/transfertcharleroiaeroport.be\/wp-content\/uploads\/2025\/03\/logo-allo-transfert-charleroi-et-aeroport.webp","contentUrl":"https:\/\/transfertcharleroiaeroport.be\/wp-content\/uploads\/2025\/03\/logo-allo-transfert-charleroi-et-aeroport.webp","width":579,"height":75,"caption":"Allo Transfert Charleroi & A\u00e9roport"},"image":{"@id":"https:\/\/transfertcharleroiaeroport.be\/#\/schema\/logo\/image\/"}}]}},"_links":{"self":[{"href":"https:\/\/transfertcharleroiaeroport.be\/en\/wp-json\/wp\/v2\/pages\/28892","targetHints":{"allow":["GET"]}}],"collection":[{"href":"https:\/\/transfertcharleroiaeroport.be\/en\/wp-json\/wp\/v2\/pages"}],"about":[{"href":"https:\/\/transfertcharleroiaeroport.be\/en\/wp-json\/wp\/v2\/types\/page"}],"author":[{"embeddable":true,"href":"https:\/\/transfertcharleroiaeroport.be\/en\/wp-json\/wp\/v2\/users\/1"}],"replies":[{"embeddable":true,"href":"https:\/\/transfertcharleroiaeroport.be\/en\/wp-json\/wp\/v2\/comments?post=28892"}],"version-history":[{"count":0,"href":"https:\/\/transfertcharleroiaeroport.be\/en\/wp-json\/wp\/v2\/pages\/28892\/revisions"}],"wp:attachment":[{"href":"https:\/\/transfertcharleroiaeroport.be\/en\/wp-json\/wp\/v2\/media?parent=28892"}],"curies":[{"name":"wp","href":"https:\/\/api.w.org\/{rel}","templated":true}]}}